{"id":74,"date":"2023-10-21T13:42:26","date_gmt":"2023-10-21T18:42:26","guid":{"rendered":"https:\/\/www.jmldevlab.com\/?page_id=74"},"modified":"2023-10-21T14:26:03","modified_gmt":"2023-10-21T19:26:03","slug":"blog","status":"publish","type":"page","link":"https:\/\/www.jmldevlab.com\/index.php\/blog\/","title":{"rendered":"Blog"},"content":{"rendered":"<div class=\"wp-block-image\">\n<figure class=\"alignright size-full is-resized\"><img loading=\"lazy\" decoding=\"async\" width=\"768\" height=\"923\" src=\"http:\/\/www.jmldevlab.com\/wp-content\/uploads\/2023\/10\/3D_PCB1_2023-10-17-3-768x923-2.png\" alt=\"\" class=\"wp-image-82\" style=\"aspect-ratio:0.8320693391115926;width:420px;height:auto\" srcset=\"https:\/\/www.jmldevlab.com\/wp-content\/uploads\/2023\/10\/3D_PCB1_2023-10-17-3-768x923-2.png 768w, https:\/\/www.jmldevlab.com\/wp-content\/uploads\/2023\/10\/3D_PCB1_2023-10-17-3-768x923-2-250x300.png 250w\" sizes=\"auto, (max-width: 768px) 100vw, 768px\" \/><\/figure>\n<\/div>\n\n\n<div class=\"wp-block-query is-layout-flow wp-block-query-is-layout-flow\"><ul class=\"columns-1 wp-block-post-template is-layout-grid wp-container-core-post-template-is-layout-f9ac393c wp-block-post-template-is-layout-grid\"><li class=\"wp-block-post post-1 post type-post status-publish format-standard hentry category-electronica\">\n\n<div class=\"wp-block-group\" style=\"padding-top:30px;padding-right:30px;padding-bottom:30px;padding-left:30px\"><div class=\"wp-block-group__inner-container is-layout-flow wp-block-group-is-layout-flow\"><h2 class=\"wp-block-post-title\"><a href=\"https:\/\/www.jmldevlab.com\/index.php\/2023\/10\/18\/blog-pcb\/\" target=\"_self\" >\u00bfQuieres crear una tarjeta impresa(PCB)?<\/a><\/h2>\n\n<div class=\"wp-block-post-excerpt\"><p class=\"wp-block-post-excerpt__excerpt\">Dise\u00f1ar placas de circuito impreso (PCB) te brinda acceso a un mundo lleno de posibilidades y creatividad electr\u00f3nica ilimitada. Te permiten desbloquear tu creatividad, fomentar la innovaci\u00f3n, explorar prometedoras carreras en tecnolog\u00eda, obtener control sobre tus proyectos, mantener un aprendizaje continuo, conectar con una apasionada comunidad de entusiastas y ver tus dise\u00f1os de PCB tomar<\/p><p class=\"wp-block-post-excerpt__more-text\"><a class=\"wp-block-post-excerpt__more-link\" href=\"https:\/\/www.jmldevlab.com\/index.php\/2023\/10\/18\/blog-pcb\/\">Continuar<\/a><\/p><\/div>\n\n<div class=\"wp-block-post-date\"><time datetime=\"2023-10-18T22:15:46-05:00\">18 octubre, 2023<\/time><\/div><\/div><\/div>\n\n<\/li><\/ul><\/div>\n","protected":false},"excerpt":{"rendered":"","protected":false},"author":1,"featured_media":0,"parent":0,"menu_order":0,"comment_status":"closed","ping_status":"closed","template":"","meta":{"_kad_post_transparent":"","_kad_post_title":"","_kad_post_layout":"","_kad_post_sidebar_id":"","_kad_post_content_style":"","_kad_post_vertical_padding":"","_kad_post_feature":"","_kad_post_feature_position":"","_kad_post_header":false,"_kad_post_footer":false,"footnotes":""},"class_list":["post-74","page","type-page","status-publish","hentry"],"_links":{"self":[{"href":"https:\/\/www.jmldevlab.com\/index.php\/wp-json\/wp\/v2\/pages\/74","targetHints":{"allow":["GET"]}}],"collection":[{"href":"https:\/\/www.jmldevlab.com\/index.php\/wp-json\/wp\/v2\/pages"}],"about":[{"href":"https:\/\/www.jmldevlab.com\/index.php\/wp-json\/wp\/v2\/types\/page"}],"author":[{"embeddable":true,"href":"https:\/\/www.jmldevlab.com\/index.php\/wp-json\/wp\/v2\/users\/1"}],"replies":[{"embeddable":true,"href":"https:\/\/www.jmldevlab.com\/index.php\/wp-json\/wp\/v2\/comments?post=74"}],"version-history":[{"count":4,"href":"https:\/\/www.jmldevlab.com\/index.php\/wp-json\/wp\/v2\/pages\/74\/revisions"}],"predecessor-version":[{"id":83,"href":"https:\/\/www.jmldevlab.com\/index.php\/wp-json\/wp\/v2\/pages\/74\/revisions\/83"}],"wp:attachment":[{"href":"https:\/\/www.jmldevlab.com\/index.php\/wp-json\/wp\/v2\/media?parent=74"}],"curies":[{"name":"wp","href":"https:\/\/api.w.org\/{rel}","templated":true}]}}