{"id":2,"date":"2023-10-18T22:15:46","date_gmt":"2023-10-19T03:15:46","guid":{"rendered":"http:\/\/www.jmldevlab.com\/?page_id=2"},"modified":"2023-10-24T11:02:51","modified_gmt":"2023-10-24T16:02:51","slug":"bienvenido","status":"publish","type":"page","link":"https:\/\/www.jmldevlab.com\/","title":{"rendered":"Principal"},"content":{"rendered":"\n<p><strong>JML DevLab: Tu Puerta al Futuro Tecnol\u00f3gico<\/strong><\/p>\n\n\n\n<p>En JML DevLab, estamos comprometidos a proporcionarte las herramientas y conocimientos que necesitas para sumergirte en el emocionante mundo de la rob\u00f3tica y la tecnolog\u00eda. Somos tu socio en el aprendizaje y la exploraci\u00f3n de las \u00faltimas tendencias tecnol\u00f3gicas.<\/p>\n\n\n<div class=\"wp-block-image\">\n<figure class=\"alignright size-full is-resized\"><img loading=\"lazy\" decoding=\"async\" width=\"600\" height=\"600\" src=\"https:\/\/www.jmldevlab.com\/wp-content\/uploads\/2023\/10\/jml-logo.jpg\" alt=\"\" class=\"wp-image-20\" style=\"aspect-ratio:1.1235955056179776;width:237px;height:auto\" srcset=\"https:\/\/www.jmldevlab.com\/wp-content\/uploads\/2023\/10\/jml-logo.jpg 600w, https:\/\/www.jmldevlab.com\/wp-content\/uploads\/2023\/10\/jml-logo-300x300.jpg 300w, https:\/\/www.jmldevlab.com\/wp-content\/uploads\/2023\/10\/jml-logo-150x150.jpg 150w\" sizes=\"auto, (max-width: 600px) 100vw, 600px\" \/><\/figure>\n<\/div>\n\n\n<p><strong>Nuestros Cursos de Rob\u00f3tica y Tecnolog\u00edas<\/strong><\/p>\n\n\n\n<blockquote class=\"wp-block-quote is-layout-flow wp-block-quote-is-layout-flow\">\n<p>Ofrecemos una amplia gama de cursos en l\u00ednea dise\u00f1ados para estudiantes de todas las edades y niveles de experiencia. Desde introducciones a la rob\u00f3tica hasta programaci\u00f3n avanzada, nuestros cursos est\u00e1n dise\u00f1ados para ayudarte a desarrollar habilidades pr\u00e1cticas y conocimientos t\u00e9cnicos que te preparar\u00e1n para el futuro<\/p>\n\n\n\n<p><\/p>\n\n\n\n<p>Explora nuestra selecci\u00f3n de cursos, que incluye:<\/p>\n<\/blockquote>\n\n\n\n<ul class=\"wp-block-list\">\n<li><strong>Rob\u00f3tica<\/strong>&nbsp;<strong>educativa<\/strong>: Aprende los fundamentos de la rob\u00f3tica y la programaci\u00f3n de robots.<\/li>\n\n\n\n<li><strong>Microcontroladores<\/strong>: Descubre c\u00f3mo programar microcontroladores para diversas aplicaciones.<\/li>\n\n\n\n<li><strong>Electronica:<\/strong>&nbsp;Crea tus propios circuitos y placas a nivel profesional<\/li>\n\n\n\n<li><strong>Ciberseguridad como un hacker<\/strong>: Sum\u00e9rgete en el emocionante campo de la Ciberseguridad como si fueras un hacker.<\/li>\n\n\n\n<li><strong>IoT:<\/strong>&nbsp;Crea tus propios m\u00f3dulos de IoT administrados desde internet<\/li>\n<\/ul>\n\n\n<div class=\"wp-block-image\">\n<figure class=\"alignleft size-full is-resized\"><img loading=\"lazy\" decoding=\"async\" width=\"646\" height=\"533\" src=\"http:\/\/www.jmldevlab.com\/wp-content\/uploads\/2023\/10\/Vista07.png\" alt=\"\" class=\"wp-image-56\" style=\"aspect-ratio:1.1235955056179776;width:321px;height:auto\" srcset=\"https:\/\/www.jmldevlab.com\/wp-content\/uploads\/2023\/10\/Vista07.png 646w, https:\/\/www.jmldevlab.com\/wp-content\/uploads\/2023\/10\/Vista07-300x248.png 300w\" sizes=\"auto, (max-width: 646px) 100vw, 646px\" \/><\/figure>\n<\/div>\n\n\n<p><strong>El Kit Rob\u00f3tico JML Devlab<\/strong><\/p>\n\n\n\n<blockquote class=\"wp-block-quote is-layout-flow wp-block-quote-is-layout-flow\">\n<p>Adem\u00e1s de nuestros cursos en l\u00ednea, tambi\u00e9n ofrecemos un Kit Rob\u00f3tico exclusivo que te permitir\u00e1 llevar tus habilidades al siguiente nivel. Este kit incluye todos los componentes esenciales y recursos necesarios para que puedas crear y programar tu propio robot<\/p>\n<\/blockquote>\n\n\n\n<p><strong>Nuestra Misi\u00f3n<\/strong><\/p>\n\n\n\n<p>En JML DevLab, creemos en empoderar a las mentes curiosas y apasionadas por la tecnolog\u00eda. Nuestra misi\u00f3n es brindarte las herramientas y el conocimiento que necesitas para convertirte en un innovador en el campo de la rob\u00f3tica y la tecnolog\u00eda.<\/p>\n\n\n\n<p>Explora nuestro sitio web para conocer m\u00e1s sobre nuestros cursos, el Kit Rob\u00f3tico y c\u00f3mo puedes unirte a nuestra comunidad de estudiantes entusiastas. \u00a1El futuro tecnol\u00f3gico te espera en JML DevLab<\/p>\n\n\n<div class=\"wp-block-image\">\n<figure class=\"aligncenter size-full is-resized\"><img loading=\"lazy\" decoding=\"async\" width=\"1024\" height=\"856\" src=\"https:\/\/www.jmldevlab.com\/wp-content\/uploads\/2023\/10\/JMLDevLabMorado-1.png\" alt=\"\" class=\"wp-image-98\" style=\"aspect-ratio:1.4851485148514851;width:320px;height:auto\" srcset=\"https:\/\/www.jmldevlab.com\/wp-content\/uploads\/2023\/10\/JMLDevLabMorado-1.png 1024w, https:\/\/www.jmldevlab.com\/wp-content\/uploads\/2023\/10\/JMLDevLabMorado-1-300x251.png 300w, https:\/\/www.jmldevlab.com\/wp-content\/uploads\/2023\/10\/JMLDevLabMorado-1-768x642.png 768w\" sizes=\"auto, (max-width: 1024px) 100vw, 1024px\" \/><\/figure>\n<\/div>","protected":false},"excerpt":{"rendered":"<p>JML DevLab: Tu Puerta al Futuro Tecnol\u00f3gico En JML DevLab, estamos comprometidos a proporcionarte las herramientas y conocimientos que necesitas para sumergirte en el emocionante mundo de la rob\u00f3tica y la tecnolog\u00eda. Somos tu socio en el aprendizaje y la exploraci\u00f3n de las \u00faltimas tendencias tecnol\u00f3gicas. Nuestros Cursos de Rob\u00f3tica y Tecnolog\u00edas Ofrecemos una amplia&#8230;<\/p>\n","protected":false},"author":1,"featured_media":0,"parent":0,"menu_order":1,"comment_status":"closed","ping_status":"closed","template":"","meta":{"_kad_post_transparent":"","_kad_post_title":"","_kad_post_layout":"","_kad_post_sidebar_id":"","_kad_post_content_style":"","_kad_post_vertical_padding":"","_kad_post_feature":"","_kad_post_feature_position":"","_kad_post_header":false,"_kad_post_footer":false,"footnotes":""},"class_list":["post-2","page","type-page","status-publish","hentry"],"_links":{"self":[{"href":"https:\/\/www.jmldevlab.com\/index.php\/wp-json\/wp\/v2\/pages\/2","targetHints":{"allow":["GET"]}}],"collection":[{"href":"https:\/\/www.jmldevlab.com\/index.php\/wp-json\/wp\/v2\/pages"}],"about":[{"href":"https:\/\/www.jmldevlab.com\/index.php\/wp-json\/wp\/v2\/types\/page"}],"author":[{"embeddable":true,"href":"https:\/\/www.jmldevlab.com\/index.php\/wp-json\/wp\/v2\/users\/1"}],"replies":[{"embeddable":true,"href":"https:\/\/www.jmldevlab.com\/index.php\/wp-json\/wp\/v2\/comments?post=2"}],"version-history":[{"count":18,"href":"https:\/\/www.jmldevlab.com\/index.php\/wp-json\/wp\/v2\/pages\/2\/revisions"}],"predecessor-version":[{"id":100,"href":"https:\/\/www.jmldevlab.com\/index.php\/wp-json\/wp\/v2\/pages\/2\/revisions\/100"}],"wp:attachment":[{"href":"https:\/\/www.jmldevlab.com\/index.php\/wp-json\/wp\/v2\/media?parent=2"}],"curies":[{"name":"wp","href":"https:\/\/api.w.org\/{rel}","templated":true}]}}